{"id":1190,"date":"2025-04-22T10:18:28","date_gmt":"2025-04-22T08:18:28","guid":{"rendered":"https:\/\/cofund.physique-upsaclay.fr\/?page_id=1190"},"modified":"2025-06-03T13:40:20","modified_gmt":"2025-06-03T11:40:20","slug":"institute-of-molecular-sciences-of-orsay-ismo","status":"publish","type":"page","link":"https:\/\/cofund.physique-upsaclay.fr\/index.php\/institute-of-molecular-sciences-of-orsay-ismo\/","title":{"rendered":"Institute of Molecular Sciences of Orsay (ISMO)"},"content":{"rendered":"\n<p>The Institute of Molecular Sciences of Orsay is a fundamental physics and chemistry-physics research unit created in 2010, under the supervision of the CNRS and Universit\u00e9 Paris Saclay. The ISMO&#8217;s areas of research range from molecular physics to nanoscience, from the physics and physical chemistry of surfaces to low-dimensional objects, and from molecular physics and physical chemistry to biology. Interfaces are particularly strong with astrophysics, health, energy and nanophotonics. A number of research and development initiatives are also underway.<\/p>\n\n\n\n<p>Created from the merger of three laboratories at Orsay (the Laboratoire de Photophysique Mol\u00e9culaire &#8211; LPPM, the Laboratoire des Collisions Atomiques et Mol\u00e9culaires &#8211; LCAM and the Laboratoire d&#8217;Interaction du rayonnement X avec la Mati\u00e8re &#8211; LIXAM), ISMO&#8217;s activities are based in particular on molecular photophysics: a large part of the light spectrum, from X-rays to millimetres, is used to probe the spectral responses and dynamics induced by the photonic excitation of the systems studied, from attoseconds to long times. Activities are also based on optical imaging, local probe microscopy and processes induced by particle beams. ISMO&#8217;s experimental research is based on a wide range of equipment (lasers, spectrometers, multi-channel detectors, electron microscopes and super-resolution optical microscopes, a light line in partnership with SOLEIL, ion or electron beams, etc.). This research is complemented by theoretical activities, which benefit from access to both internal and external computing resources. All the work is generally based on a description involving interaction with light and\/or particles.<\/p>\n\n\n<div class=\"taxonomy-post_tag wp-block-post-terms\"><a href=\"https:\/\/cofund.physique-upsaclay.fr\/index.php\/tag\/2d_materials_systems\/\" rel=\"tag\">2D materials \/ systems<\/a><span class=\"wp-block-post-terms__separator\">, <\/span><a href=\"https:\/\/cofund.physique-upsaclay.fr\/index.php\/tag\/active_matter\/\" rel=\"tag\">Active matter<\/a><span class=\"wp-block-post-terms__separator\">, <\/span><a href=\"https:\/\/cofund.physique-upsaclay.fr\/index.php\/tag\/advanced_spectroscopies\/\" rel=\"tag\">Advanced spectroscopies : from the gas phase to the condensed matter<\/a><span class=\"wp-block-post-terms__separator\">, <\/span><a href=\"https:\/\/cofund.physique-upsaclay.fr\/index.php\/tag\/astrochemistry_astrobiology\/\" rel=\"tag\">Astrochemistry \/ Astrobiology<\/a><span class=\"wp-block-post-terms__separator\">, <\/span><a href=\"https:\/\/cofund.physique-upsaclay.fr\/index.php\/tag\/astrophysics_astrochemistry\/\" rel=\"tag\">Astrophysics and Astrochemistry<\/a><span class=\"wp-block-post-terms__separator\">, <\/span><a href=\"https:\/\/cofund.physique-upsaclay.fr\/index.php\/tag\/attophysics\/\" rel=\"tag\">Attophysics<\/a><span class=\"wp-block-post-terms__separator\">, <\/span><a href=\"https:\/\/cofund.physique-upsaclay.fr\/index.php\/tag\/band_structure_engineering\/\" rel=\"tag\">Band structure engineering<\/a><span class=\"wp-block-post-terms__separator\">, <\/span><a href=\"https:\/\/cofund.physique-upsaclay.fr\/index.php\/tag\/biophotonics\/\" rel=\"tag\">Biophotonics<\/a><span class=\"wp-block-post-terms__separator\">, <\/span><a href=\"https:\/\/cofund.physique-upsaclay.fr\/index.php\/tag\/correlated_electrons\/\" rel=\"tag\">Correlated electrons<\/a><span class=\"wp-block-post-terms__separator\">, <\/span><a href=\"https:\/\/cofund.physique-upsaclay.fr\/index.php\/tag\/density_functional_theory\/\" rel=\"tag\">Density Functional Theory<\/a><span class=\"wp-block-post-terms__separator\">, <\/span><a href=\"https:\/\/cofund.physique-upsaclay.fr\/index.php\/tag\/electron_dynamics\/\" rel=\"tag\">Electron dynamics<\/a><span class=\"wp-block-post-terms__separator\">, <\/span><a href=\"https:\/\/cofund.physique-upsaclay.fr\/index.php\/tag\/elementary_quantum_systems\/\" rel=\"tag\">Elementary Quantum systems<\/a><span class=\"wp-block-post-terms__separator\">, <\/span><a href=\"https:\/\/cofund.physique-upsaclay.fr\/index.php\/tag\/graphene\/\" rel=\"tag\">Graphene<\/a><span class=\"wp-block-post-terms__separator\">, <\/span><a href=\"https:\/\/cofund.physique-upsaclay.fr\/index.php\/tag\/heterostructures\/\" rel=\"tag\">Heterostructures<\/a><span class=\"wp-block-post-terms__separator\">, <\/span><a href=\"https:\/\/cofund.physique-upsaclay.fr\/index.php\/tag\/high-intensity_laser-matter_interaction\/\" rel=\"tag\">High-intensity laser-matter interaction<\/a><span class=\"wp-block-post-terms__separator\">, <\/span><a href=\"https:\/\/cofund.physique-upsaclay.fr\/index.php\/tag\/imaging\/\" rel=\"tag\">Imaging<\/a><span class=\"wp-block-post-terms__separator\">, <\/span><a href=\"https:\/\/cofund.physique-upsaclay.fr\/index.php\/tag\/interfaces_surfaces_nanostructures\/\" rel=\"tag\">Interfaces and surfaces, nanostructures<\/a><span class=\"wp-block-post-terms__separator\">, <\/span><a href=\"https:\/\/cofund.physique-upsaclay.fr\/index.php\/tag\/interstellar_medium-star_formation\/\" rel=\"tag\">Interstellar Medium \/ star formation<\/a><span class=\"wp-block-post-terms__separator\">, <\/span><a href=\"https:\/\/cofund.physique-upsaclay.fr\/index.php\/tag\/ion_irradiation_implantation\/\" rel=\"tag\">Ion irradiation \/ implantation<\/a><span class=\"wp-block-post-terms__separator\">, <\/span><a href=\"https:\/\/cofund.physique-upsaclay.fr\/index.php\/tag\/isolated_systems_dilute_media\/\" rel=\"tag\">Isolated systems or dilute media<\/a><span class=\"wp-block-post-terms__separator\">, <\/span><a href=\"https:\/\/cofund.physique-upsaclay.fr\/index.php\/tag\/laboratory_astrophysics\/\" rel=\"tag\">Laboratory astrophysics<\/a><span class=\"wp-block-post-terms__separator\">, <\/span><a href=\"https:\/\/cofund.physique-upsaclay.fr\/index.php\/tag\/light-matter_interaction\/\" rel=\"tag\">Light-matter interaction<\/a><span class=\"wp-block-post-terms__separator\">, <\/span><a href=\"https:\/\/cofund.physique-upsaclay.fr\/index.php\/tag\/low_dimensional_quantum_systems\/\" rel=\"tag\">Low dimensional quantum systems<\/a><span class=\"wp-block-post-terms__separator\">, <\/span><a href=\"https:\/\/cofund.physique-upsaclay.fr\/index.php\/tag\/materials_systems_energy\/\" rel=\"tag\">Materials and Systems for energy<\/a><span class=\"wp-block-post-terms__separator\">, <\/span><a href=\"https:\/\/cofund.physique-upsaclay.fr\/index.php\/tag\/materials_under_irradiations\/\" rel=\"tag\">Materials under irradiations<\/a><span class=\"wp-block-post-terms__separator\">, <\/span><a href=\"https:\/\/cofund.physique-upsaclay.fr\/index.php\/tag\/molecular_dynamics_reactivity\/\" rel=\"tag\">Molecular dynamics and reactivity<\/a><span class=\"wp-block-post-terms__separator\">, <\/span><a href=\"https:\/\/cofund.physique-upsaclay.fr\/index.php\/tag\/molecular_materials\/\" rel=\"tag\">Molecular materials<\/a><span class=\"wp-block-post-terms__separator\">, <\/span><a href=\"https:\/\/cofund.physique-upsaclay.fr\/index.php\/tag\/molecules_astrophysics\/\" rel=\"tag\">Molecules for astrophysics<\/a><span class=\"wp-block-post-terms__separator\">, <\/span><a href=\"https:\/\/cofund.physique-upsaclay.fr\/index.php\/tag\/monte_carlo_simulation\/\" rel=\"tag\">Monte Carlo simulation<\/a><span class=\"wp-block-post-terms__separator\">, <\/span><a href=\"https:\/\/cofund.physique-upsaclay.fr\/index.php\/tag\/multiscale_molecular_dynamics\/\" rel=\"tag\">Multiscale molecular dynamics<\/a><span class=\"wp-block-post-terms__separator\">, <\/span><a href=\"https:\/\/cofund.physique-upsaclay.fr\/index.php\/tag\/nanophotonics\/\" rel=\"tag\">Nanophotonics<\/a><span class=\"wp-block-post-terms__separator\">, <\/span><a href=\"https:\/\/cofund.physique-upsaclay.fr\/index.php\/tag\/nanostructuration\/\" rel=\"tag\">Nanostructuration<\/a><span class=\"wp-block-post-terms__separator\">, <\/span><a href=\"https:\/\/cofund.physique-upsaclay.fr\/index.php\/tag\/plasmonics\/\" rel=\"tag\">Plasmonics<\/a><span class=\"wp-block-post-terms__separator\">, <\/span><a href=\"https:\/\/cofund.physique-upsaclay.fr\/index.php\/tag\/radiotherapy\/\" rel=\"tag\">Radiotherapy<\/a><span class=\"wp-block-post-terms__separator\">, <\/span><a href=\"https:\/\/cofund.physique-upsaclay.fr\/index.php\/tag\/scanning_probe_microscopy\/\" rel=\"tag\">Scanning probe microscopy<\/a><span class=\"wp-block-post-terms__separator\">, <\/span><a href=\"https:\/\/cofund.physique-upsaclay.fr\/index.php\/tag\/soft_matter\/\" rel=\"tag\">Soft matter<\/a><span class=\"wp-block-post-terms__separator\">, <\/span><a href=\"https:\/\/cofund.physique-upsaclay.fr\/index.php\/tag\/spectroscopy\/\" rel=\"tag\">Spectroscopy<\/a><span class=\"wp-block-post-terms__separator\">, <\/span><a href=\"https:\/\/cofund.physique-upsaclay.fr\/index.php\/tag\/spectroscopy_imaging\/\" rel=\"tag\">Spectroscopy and imaging<\/a><span class=\"wp-block-post-terms__separator\">, <\/span><a href=\"https:\/\/cofund.physique-upsaclay.fr\/index.php\/tag\/structure-property_relationships_mulit-scale_approaches\/\" rel=\"tag\">Structure-property relationships: mulit-scale approaches<\/a><span class=\"wp-block-post-terms__separator\">, <\/span><a href=\"https:\/\/cofund.physique-upsaclay.fr\/index.php\/tag\/superconductivity\/\" rel=\"tag\">Superconductivity<\/a><span class=\"wp-block-post-terms__separator\">, <\/span><a href=\"https:\/\/cofund.physique-upsaclay.fr\/index.php\/tag\/topological_insulators\/\" rel=\"tag\">Topological insulators<\/a><span class=\"wp-block-post-terms__separator\">, <\/span><a href=\"https:\/\/cofund.physique-upsaclay.fr\/index.php\/tag\/ultrafast_dynamics\/\" rel=\"tag\">Ultrafast dynamics<\/a><\/div>\n\n\n<p><\/p>\n","protected":false},"excerpt":{"rendered":"<p>The Institute of Molecular Sciences of Orsay is a fundamental physics and chemistry-physics research unit created in 2010, under the supervision of the CNRS and Universit\u00e9 Paris Saclay. The ISMO&#8217;s areas of research range from molecular physics to nanoscience, from the physics and physical chemistry of surfaces to low-dimensional objects, and from molecular physics and [&hellip;]<\/p>\n","protected":false},"author":1,"featured_media":0,"parent":0,"menu_order":0,"comment_status":"closed","ping_status":"closed","template":"","meta":{"footnotes":""},"categories":[30],"tags":[147,148,149,32,49,152,153,154,158,161,162,163,171,172,173,93,176,33,58,177,45,179,180,182,56,189,190,191,192,195,200,201,214,92,218,221,238,222,228,229,230,232],"class_list":["post-1190","page","type-page","status-publish","hentry","category-phom","tag-2d_materials_systems","tag-active_matter","tag-advanced_spectroscopies","tag-astrochemistry_astrobiology","tag-astrophysics_astrochemistry","tag-attophysics","tag-band_structure_engineering","tag-biophotonics","tag-correlated_electrons","tag-density_functional_theory","tag-electron_dynamics","tag-elementary_quantum_systems","tag-graphene","tag-heterostructures","tag-high-intensity_laser-matter_interaction","tag-imaging","tag-interfaces_surfaces_nanostructures","tag-interstellar_medium-star_formation","tag-ion_irradiation_implantation","tag-isolated_systems_dilute_media","tag-laboratory_astrophysics","tag-light-matter_interaction","tag-low_dimensional_quantum_systems","tag-materials_systems_energy","tag-materials_under_irradiations","tag-molecular_dynamics_reactivity","tag-molecular_materials","tag-molecules_astrophysics","tag-monte_carlo_simulation","tag-multiscale_molecular_dynamics","tag-nanophotonics","tag-nanostructuration","tag-plasmonics","tag-radiotherapy","tag-scanning_probe_microscopy","tag-soft_matter","tag-spectroscopy","tag-spectroscopy_imaging","tag-structure-property_relationships_mulit-scale_approaches","tag-superconductivity","tag-topological_insulators","tag-ultrafast_dynamics"],"_links":{"self":[{"href":"https:\/\/cofund.physique-upsaclay.fr\/index.php\/wp-json\/wp\/v2\/pages\/1190","targetHints":{"allow":["GET"]}}],"collection":[{"href":"https:\/\/cofund.physique-upsaclay.fr\/index.php\/wp-json\/wp\/v2\/pages"}],"about":[{"href":"https:\/\/cofund.physique-upsaclay.fr\/index.php\/wp-json\/wp\/v2\/types\/page"}],"author":[{"embeddable":true,"href":"https:\/\/cofund.physique-upsaclay.fr\/index.php\/wp-json\/wp\/v2\/users\/1"}],"replies":[{"embeddable":true,"href":"https:\/\/cofund.physique-upsaclay.fr\/index.php\/wp-json\/wp\/v2\/comments?post=1190"}],"version-history":[{"count":1,"href":"https:\/\/cofund.physique-upsaclay.fr\/index.php\/wp-json\/wp\/v2\/pages\/1190\/revisions"}],"predecessor-version":[{"id":1191,"href":"https:\/\/cofund.physique-upsaclay.fr\/index.php\/wp-json\/wp\/v2\/pages\/1190\/revisions\/1191"}],"wp:attachment":[{"href":"https:\/\/cofund.physique-upsaclay.fr\/index.php\/wp-json\/wp\/v2\/media?parent=1190"}],"wp:term":[{"taxonomy":"category","embeddable":true,"href":"https:\/\/cofund.physique-upsaclay.fr\/index.php\/wp-json\/wp\/v2\/categories?post=1190"},{"taxonomy":"post_tag","embeddable":true,"href":"https:\/\/cofund.physique-upsaclay.fr\/index.php\/wp-json\/wp\/v2\/tags?post=1190"}],"curies":[{"name":"wp","href":"https:\/\/api.w.org\/{rel}","templated":true}]}}