{"id":1457,"date":"2026-01-09T10:18:04","date_gmt":"2026-01-09T09:18:04","guid":{"rendered":"https:\/\/cofund.physique-upsaclay.fr\/?page_id=1457"},"modified":"2026-03-30T10:45:51","modified_gmt":"2026-03-30T08:45:51","slug":"cv","status":"publish","type":"page","link":"https:\/\/cofund.physique-upsaclay.fr\/index.php\/cv\/","title":{"rendered":"CV &#8211; Acc\u00e8s recruteurs"},"content":{"rendered":"\n<p>Veuillez remplir le formulaire suivant pour acc\u00e9der aux CV. Apr\u00e8s v\u00e9rification, un lien vers la base de donn\u00e9es des CV vous sera envoy\u00e9.<\/p>\n\n\n\n<p>En cochant la case ci-dessous, le recruteur donne son consentement \u00e0 la collecte et au stockage de ses donn\u00e9es personnelles dans le but de g\u00e9rer son acc\u00e8s. Ces donn\u00e9es seront utilis\u00e9es pour \u00e9tablir des statistiques anonymes, notamment pour le rapport europ\u00e9en. Il d\u00e9clare avoir lu et accept\u00e9 les conditions g\u00e9n\u00e9rales d&#8217;acc\u00e8s. Conform\u00e9ment au RGPD, il dispose d&#8217;un droit d&#8217;acc\u00e8s, de rectification et de suppression de ses donn\u00e9es.<\/p>\n\n\n\n<details class=\"wp-block-details is-layout-flow wp-block-details-is-layout-flow\"><summary>RGPD<\/summary>\n<p>Dans le cadre de cette CVth\u00e8que, vous reconnaissez agir en tant que Responsable du Traitement. En cons\u00e9quence, vous garantissez traiter ces donn\u00e9es conform\u00e9ment au RGPD et veillent en particulier \u00e0 :<\/p>\n\n\n\n<p>\u00b7 Traiter les donn\u00e9es \u00e0 caract\u00e8re personnel conform\u00e9ment aux principes et obligations de la R\u00e8glementation applicable ;<br><br>xxx<\/p>\n<\/details>\n\n\n\n<p><\/p>\n\n\n<div class='fluentform ff-default fluentform_wrapper_3  ff_guten_block ff_guten_block-3 ffs_default_wrap'><form data-form_id=\"3\" id=\"fluentform_3\" class=\"frm-fluent-form fluent_form_3 ff-el-form-top ff_form_instance_3_1 ff-form-loading ffs_default\" data-form_instance=\"ff_form_instance_3_1\" method=\"POST\" ><fieldset  style=\"border: none!important;margin: 0!important;padding: 0!important;background-color: transparent!important;box-shadow: none!important;outline: none!important; min-inline-size: 100%;\">\n                    <legend class=\"ff_screen_reader_title\" style=\"display: block; margin: 0!important;padding: 0!important;height: 0!important;text-indent: -999999px;width: 0!important;overflow:hidden;\">Contact Form Demo (#3)<\/legend><input type='hidden' name='__fluent_form_embded_post_id' value='1457' \/><input type=\"hidden\" id=\"_fluentform_3_fluentformnonce\" name=\"_fluentform_3_fluentformnonce\" value=\"1572e873ed\" \/><input type=\"hidden\" name=\"_wp_http_referer\" value=\"\/index.php\/wp-json\/wp\/v2\/pages\/1457\" \/><div data-type=\"name-element\" data-name=\"names\" class=\" ff-field_container ff-name-field-wrapper\" ><div class='ff-t-container'><div class='ff-t-cell '><div class='ff-el-group'><div class=\"ff-el-input--label asterisk-right\"><label for='ff_3_names_first_name_' id='label_ff_3_names_first_name_' >First Name<\/label><\/div><div class='ff-el-input--content'><input type=\"text\" name=\"names[first_name]\" id=\"ff_3_names_first_name_\" class=\"ff-el-form-control\" placeholder=\"First Name\" aria-invalid=\"false\" aria-required=false><\/div><\/div><\/div><div class='ff-t-cell '><div class='ff-el-group'><div class=\"ff-el-input--label asterisk-right\"><label for='ff_3_names_last_name_' id='label_ff_3_names_last_name_' >Last Name<\/label><\/div><div class='ff-el-input--content'><input type=\"text\" name=\"names[last_name]\" id=\"ff_3_names_last_name_\" class=\"ff-el-form-control\" placeholder=\"Last Name\" aria-invalid=\"false\" aria-required=false><\/div><\/div><\/div><\/div><\/div><div class='ff-el-group'><div class=\"ff-el-input--label ff-el-is-required asterisk-right\"><label for='ff_3_email' id='label_ff_3_email' aria-label=\"Email\">Email<\/label><\/div><div class='ff-el-input--content'><input type=\"email\" name=\"email\" id=\"ff_3_email\" class=\"ff-el-form-control\" placeholder=\"Email Address\" data-name=\"email\"  aria-invalid=\"false\" aria-required=true><\/div><\/div><div class='ff-el-group'><div class=\"ff-el-input--label ff-el-is-required asterisk-right\"><label for='ff_3_description' id='label_ff_3_description' aria-label=\"Institution\">Institution<\/label><\/div><div class='ff-el-input--content'><textarea aria-required=\"true\" aria-labelledby=\"label_ff_3_description\" name=\"description\" id=\"ff_3_description\" class=\"ff-el-form-control\" rows=\"3\" cols=\"2\" data-name=\"description\" ><\/textarea><\/div><\/div><div class='ff-el-group    ff-el-input--content'><div class='ff-el-form-check ff-el-tc'><label aria-label='J&#039;accepte que ce site web conserve les informations que j&#039;ai fournies afin qu&#039;il puisse r\u00e9pondre \u00e0 ma demande.' class='ff-el-form-check-label ff_tc_label' for=gdpr-agreement_d7ce28f7d8fc44e6199d54f1881b80fa><span class='ff_tc_checkbox'><input type=\"checkbox\" name=\"gdpr-agreement\" class=\"ff-el-form-check-input ff_gdpr_field\" data-name=\"gdpr-agreement\" id=\"gdpr-agreement_d7ce28f7d8fc44e6199d54f1881b80fa\"  value='on' aria-invalid='false' aria-required=true><\/span> <div class='ff_t_c'>J&#8217;accepte que ce site web conserve les informations que j&#8217;ai fournies afin qu&#8217;il puisse r\u00e9pondre \u00e0 ma demande.<\/div><\/label><\/div><\/div><div class='ff-el-group ff-text-left ff_submit_btn_wrapper'><button type=\"submit\" class=\"ff-btn ff-btn-submit ff-btn-md ff_btn_style\"  aria-label=\"Soumettre le formulaire\">Soumettre le formulaire<\/button><\/div><\/fieldset><\/form><div id='fluentform_3_errors' class='ff-errors-in-stack ff_form_instance_3_1 ff-form-loading_errors ff_form_instance_3_1_errors'><\/div><\/div>            <script type=\"text\/javascript\">\n                window.fluent_form_ff_form_instance_3_1 = {\"id\":\"3\",\"settings\":{\"layout\":{\"labelPlacement\":\"top\",\"asteriskPlacement\":\"asterisk-right\",\"helpMessagePlacement\":\"with_label\",\"errorMessagePlacement\":\"inline\",\"cssClassName\":\"\"},\"restrictions\":{\"denyEmptySubmission\":{\"enabled\":false}}},\"form_instance\":\"ff_form_instance_3_1\",\"form_id_selector\":\"fluentform_3\",\"rules\":{\"names[first_name]\":{\"required\":{\"value\":false,\"message\":\"This field is required\",\"global\":true,\"global_message\":\"Ce champ est obligatoire\"}},\"names[middle_name]\":{\"required\":{\"value\":false,\"message\":\"This field is required\",\"global\":true,\"global_message\":\"Ce champ est obligatoire\"}},\"names[last_name]\":{\"required\":{\"value\":false,\"message\":\"This field is required\",\"global\":true,\"global_message\":\"Ce champ est obligatoire\"}},\"email\":{\"required\":{\"value\":true,\"message\":\"This field is required\",\"global\":true,\"global_message\":\"Ce champ est obligatoire\"},\"email\":{\"value\":true,\"message\":\"This field must contain a valid email\",\"global\":true,\"global_message\":\"Ce champ doit contenir un e-mail valide\"}},\"description\":{\"required\":{\"value\":true,\"message\":\"This field is required\",\"global_message\":\"Ce champ est obligatoire\",\"global\":true}},\"gdpr-agreement\":{\"required\":{\"value\":true,\"message\":\"This field is required\",\"global_message\":\"Ce champ est obligatoire\",\"global\":true}}},\"debounce_time\":300};\n                            <\/script>\n            \n\n\n<p>Lien vers page CV &#8211; Acad\u00e9mique<\/p>\n\n\n\n<p>Lien vers page CV &#8211; Entreprise <\/p>\n\n\n\n<p>Lien vers page CV &#8211; R\u00e9seau<\/p>\n\n\n\n<p><\/p>\n","protected":false},"excerpt":{"rendered":"<p>Veuillez remplir le formulaire suivant pour acc\u00e9der aux CV. Apr\u00e8s v\u00e9rification, un lien vers la base de donn\u00e9es des CV vous sera envoy\u00e9. En cochant la case ci-dessous, le recruteur donne son consentement \u00e0 la collecte et au stockage de ses donn\u00e9es personnelles dans le but de g\u00e9rer son acc\u00e8s. Ces donn\u00e9es seront utilis\u00e9es pour [&hellip;]<\/p>\n","protected":false},"author":1,"featured_media":0,"parent":0,"menu_order":0,"comment_status":"closed","ping_status":"closed","template":"","meta":{"footnotes":""},"categories":[],"tags":[],"class_list":["post-1457","page","type-page","status-publish","hentry"],"_links":{"self":[{"href":"https:\/\/cofund.physique-upsaclay.fr\/index.php\/wp-json\/wp\/v2\/pages\/1457","targetHints":{"allow":["GET"]}}],"collection":[{"href":"https:\/\/cofund.physique-upsaclay.fr\/index.php\/wp-json\/wp\/v2\/pages"}],"about":[{"href":"https:\/\/cofund.physique-upsaclay.fr\/index.php\/wp-json\/wp\/v2\/types\/page"}],"author":[{"embeddable":true,"href":"https:\/\/cofund.physique-upsaclay.fr\/index.php\/wp-json\/wp\/v2\/users\/1"}],"replies":[{"embeddable":true,"href":"https:\/\/cofund.physique-upsaclay.fr\/index.php\/wp-json\/wp\/v2\/comments?post=1457"}],"version-history":[{"count":19,"href":"https:\/\/cofund.physique-upsaclay.fr\/index.php\/wp-json\/wp\/v2\/pages\/1457\/revisions"}],"predecessor-version":[{"id":1536,"href":"https:\/\/cofund.physique-upsaclay.fr\/index.php\/wp-json\/wp\/v2\/pages\/1457\/revisions\/1536"}],"wp:attachment":[{"href":"https:\/\/cofund.physique-upsaclay.fr\/index.php\/wp-json\/wp\/v2\/media?parent=1457"}],"wp:term":[{"taxonomy":"category","embeddable":true,"href":"https:\/\/cofund.physique-upsaclay.fr\/index.php\/wp-json\/wp\/v2\/categories?post=1457"},{"taxonomy":"post_tag","embeddable":true,"href":"https:\/\/cofund.physique-upsaclay.fr\/index.php\/wp-json\/wp\/v2\/tags?post=1457"}],"curies":[{"name":"wp","href":"https:\/\/api.w.org\/{rel}","templated":true}]}}